{"id":352,"date":"2020-01-20T10:06:50","date_gmt":"2020-01-20T10:06:50","guid":{"rendered":"https:\/\/rajivcerezochugani.com\/?page_id=352"},"modified":"2026-04-01T12:46:27","modified_gmt":"2026-04-01T12:46:27","slug":"quien-soy","status":"publish","type":"page","link":"https:\/\/rajivcerezochugani.com\/de\/quien-soy\/","title":{"rendered":"Wer bin ich?"},"content":{"rendered":"<div data-elementor-type=\"wp-page\" data-elementor-id=\"352\" class=\"elementor elementor-352\" data-elementor-post-type=\"page\">\n\t\t\t\t\t\t\t\t\t<section class=\"elementor-section elementor-top-section elementor-element elementor-element-b3a3d79 elementor-section-stretched elementor-section-height-min-height elementor-section-boxed elementor-section-height-default elementor-section-items-middle\" data-id=\"b3a3d79\" data-element_type=\"section\" data-settings=\"{&quot;stretch_section&quot;:&quot;section-stretched&quot;,&quot;background_background&quot;:&quot;classic&quot;}\">\n\t\t\t\t\t\t<div class=\"elementor-container elementor-column-gap-default\">\n\t\t\t\t\t<div class=\"elementor-column elementor-col-100 elementor-top-column elementor-element elementor-element-81e4ddf\" data-id=\"81e4ddf\" data-element_type=\"column\">\n\t\t\t<div class=\"elementor-widget-wrap\">\n\t\t\t\t\t\t\t\t\t<\/div>\n\t\t<\/div>\n\t\t\t\t\t\t\t<\/div>\n\t\t<\/section>\n\t\t\t\t<section class=\"elementor-section elementor-top-section elementor-element elementor-element-9d39cca elementor-section-stretched elementor-section-boxed elementor-section-height-default elementor-section-height-default\" data-id=\"9d39cca\" data-element_type=\"section\" data-settings=\"{&quot;stretch_section&quot;:&quot;section-stretched&quot;,&quot;background_background&quot;:&quot;classic&quot;}\">\n\t\t\t\t\t\t<div class=\"elementor-container elementor-column-gap-wider\">\n\t\t\t\t\t<div class=\"elementor-column elementor-col-50 elementor-top-column elementor-element elementor-element-e85d4d5\" data-id=\"e85d4d5\" data-element_type=\"column\">\n\t\t\t<div class=\"elementor-widget-wrap elementor-element-populated\">\n\t\t\t\t\t\t\t\t<div class=\"elementor-element elementor-element-500fae1 elementor-widget elementor-widget-heading\" data-id=\"500fae1\" data-element_type=\"widget\" data-widget_type=\"heading.default\">\n\t\t\t\t<div class=\"elementor-widget-container\">\n\t\t\t<h2 class=\"elementor-heading-title elementor-size-default\">Biographie<\/h2>\t\t<\/div>\n\t\t\t\t<\/div>\n\t\t\t\t<div class=\"elementor-element elementor-element-c25a7ce elementor-widget elementor-widget-text-editor\" data-id=\"c25a7ce\" data-element_type=\"widget\" data-widget_type=\"text-editor.default\">\n\t\t\t\t<div class=\"elementor-widget-container\">\n\t\t\t\t\t\t\t<p>Rajiv Cerezo Chugani (Madrid, 1992) ist ein in Deutschland lebender Bariton. Er studierte an der Madrider Gesangsschule und verfeinerte seine Technik bei Lehrern wie Milagros Poblador, Santiago Calder\u00f3n, Christopher Robertson und Vincenzo Spatola. Zudem nahm er an Meisterkursen der renommierten Sopranistin Lisette Oropesa teil. Nach seinem Abschluss wurde er f\u00fcr das Crescendo-Programm am Teatro Real in Madrid ausgew\u00e4hlt.<\/p>\t\t\t\t\t\t<\/div>\n\t\t\t\t<\/div>\n\t\t\t\t<div class=\"elementor-element elementor-element-a030b6c elementor-widget elementor-widget-text-editor\" data-id=\"a030b6c\" data-element_type=\"widget\" data-widget_type=\"text-editor.default\">\n\t\t\t\t<div class=\"elementor-widget-container\">\n\t\t\t\t\t\t\t<p>Sie trat in bedeutenden Konzerth\u00e4usern in Spanien und Europa auf, darunter das Teatro Real, das Auditorio Nacional in Madrid, die K\u00f6lner Philharmonie und das Th\u00e9\u00e2tre de Paris. Im Laufe ihrer Karriere arbeitete sie mit Dirigenten wie Karel Mark Chichon, Manuel Coves, Sir Neville Marriner und Miguel Roa zusammen und stand mit renommierten K\u00fcnstlern wie El\u012bna Garan\u010da auf der B\u00fchne.<\/p>\t\t\t\t\t\t<\/div>\n\t\t\t\t<\/div>\n\t\t\t\t\t<\/div>\n\t\t<\/div>\n\t\t\t\t<div class=\"elementor-column elementor-col-50 elementor-top-column elementor-element elementor-element-ade833b\" data-id=\"ade833b\" data-element_type=\"column\">\n\t\t\t<div class=\"elementor-widget-wrap elementor-element-populated\">\n\t\t\t\t\t\t\t\t<div class=\"elementor-element elementor-element-da5b163 elementor-widget__width-initial elementor-widget elementor-widget-image\" data-id=\"da5b163\" data-element_type=\"widget\" data-widget_type=\"image.default\">\n\t\t\t\t<div class=\"elementor-widget-container\">\n\t\t\t\t\t\t\t\t\t\t\t\t\t\t\t<img decoding=\"async\" width=\"768\" height=\"1086\" src=\"https:\/\/rajivcerezochugani.com\/wp-content\/uploads\/2025\/09\/foto1-768x1086.jpg\" class=\"attachment-medium_large size-medium_large wp-image-3303\" alt=\"\" srcset=\"https:\/\/rajivcerezochugani.com\/wp-content\/uploads\/2025\/09\/foto1-768x1086.jpg 768w, https:\/\/rajivcerezochugani.com\/wp-content\/uploads\/2025\/09\/foto1-212x300.jpg 212w, https:\/\/rajivcerezochugani.com\/wp-content\/uploads\/2025\/09\/foto1-724x1024.jpg 724w, https:\/\/rajivcerezochugani.com\/wp-content\/uploads\/2025\/09\/foto1-1086x1536.jpg 1086w, https:\/\/rajivcerezochugani.com\/wp-content\/uploads\/2025\/09\/foto1-8x12.jpg 8w, https:\/\/rajivcerezochugani.com\/wp-content\/uploads\/2025\/09\/foto1.jpg 1414w\" sizes=\"(max-width: 768px) 100vw, 768px\" \/>\t\t\t\t\t\t\t\t\t\t\t\t\t\t\t<\/div>\n\t\t\t\t<\/div>\n\t\t\t\t\t<\/div>\n\t\t<\/div>\n\t\t\t\t\t\t\t<\/div>\n\t\t<\/section>\n\t\t\t\t<section class=\"elementor-section elementor-top-section elementor-element elementor-element-5038ecd elementor-section-stretched elementor-reverse-mobile elementor-section-boxed elementor-section-height-default elementor-section-height-default\" data-id=\"5038ecd\" data-element_type=\"section\" data-settings=\"{&quot;stretch_section&quot;:&quot;section-stretched&quot;,&quot;background_background&quot;:&quot;classic&quot;}\">\n\t\t\t\t\t\t<div class=\"elementor-container elementor-column-gap-wider\">\n\t\t\t\t\t<div class=\"elementor-column elementor-col-50 elementor-top-column elementor-element elementor-element-5df1dce\" data-id=\"5df1dce\" data-element_type=\"column\">\n\t\t\t<div class=\"elementor-widget-wrap elementor-element-populated\">\n\t\t\t\t\t\t\t\t<div class=\"elementor-element elementor-element-9a821c1 elementor-widget elementor-widget-image\" data-id=\"9a821c1\" data-element_type=\"widget\" data-widget_type=\"image.default\">\n\t\t\t\t<div class=\"elementor-widget-container\">\n\t\t\t\t\t\t\t\t\t\t\t\t\t\t\t<img decoding=\"async\" width=\"683\" height=\"1024\" src=\"https:\/\/rajivcerezochugani.com\/wp-content\/uploads\/2026\/04\/DSCF2125-683x1024.jpg\" class=\"attachment-large size-large wp-image-3450\" alt=\"\" srcset=\"https:\/\/rajivcerezochugani.com\/wp-content\/uploads\/2026\/04\/DSCF2125-683x1024.jpg 683w, https:\/\/rajivcerezochugani.com\/wp-content\/uploads\/2026\/04\/DSCF2125-200x300.jpg 200w, https:\/\/rajivcerezochugani.com\/wp-content\/uploads\/2026\/04\/DSCF2125-768x1152.jpg 768w, https:\/\/rajivcerezochugani.com\/wp-content\/uploads\/2026\/04\/DSCF2125-1024x1536.jpg 1024w, https:\/\/rajivcerezochugani.com\/wp-content\/uploads\/2026\/04\/DSCF2125-1365x2048.jpg 1365w, https:\/\/rajivcerezochugani.com\/wp-content\/uploads\/2026\/04\/DSCF2125-8x12.jpg 8w, https:\/\/rajivcerezochugani.com\/wp-content\/uploads\/2026\/04\/DSCF2125-scaled.jpg 1707w\" sizes=\"(max-width: 683px) 100vw, 683px\" \/>\t\t\t\t\t\t\t\t\t\t\t\t\t\t\t<\/div>\n\t\t\t\t<\/div>\n\t\t\t\t\t<\/div>\n\t\t<\/div>\n\t\t\t\t<div class=\"elementor-column elementor-col-50 elementor-top-column elementor-element elementor-element-0c3ada7\" data-id=\"0c3ada7\" data-element_type=\"column\">\n\t\t\t<div class=\"elementor-widget-wrap elementor-element-populated\">\n\t\t\t\t\t\t\t\t<div class=\"elementor-element elementor-element-cbbfac7 elementor-widget elementor-widget-text-editor\" data-id=\"cbbfac7\" data-element_type=\"widget\" data-widget_type=\"text-editor.default\">\n\t\t\t\t<div class=\"elementor-widget-container\">\n\t\t\t\t\t\t\t<p data-start=\"923\" data-end=\"1385\">Zu ihren j\u00fcngsten Engagements z\u00e4hlen H\u00f6hepunkte wie ihr Deb\u00fct im Nationalen Auditorium von Mexiko und die Auff\u00fchrung des Zyklus <em data-start=\"1037\" data-end=\"1070\">Lieder eines fahrenden Gesellen<\/em> Mahlers Auftritt mit dem Atlantic Symphony Orchestra und sein Deb\u00fct als Renato in <em data-start=\"1148\" data-end=\"1170\">Ein Maskenball<\/em> Verdi beim Alden Biesen Festival (Belgien). 2026 wurde ihm der Ferrer-Preis beim Tenor Vi\u00f1as Wettbewerb verliehen, der eine Meisterklasse bei Roberto Frontali am Gran Teatre del Liceu in Barcelona beinhaltet.<\/p><p data-start=\"1387\" data-end=\"1534\">Im September 2025 spielte er Graf Almaviva in <em data-start=\"1441\" data-end=\"1461\">Die Hochzeit des Figaro<\/em> in Sabadell, und im Februar gab er sein Deb\u00fct als Marcello in <em data-start=\"1512\" data-end=\"1523\">La boh\u00e8me<\/em> in Madrid.<\/p><p data-start=\"1536\" data-end=\"1760\">Zu seinen bevorstehenden Engagements geh\u00f6rt Marcello in <em data-start=\"1593\" data-end=\"1604\">La boh\u00e8me<\/em> beim Zomeropera Festival in Alden Biesen (Belgien) und sein Deb\u00fct als Miller in <em data-start=\"1683\" data-end=\"1697\">Luisa Miller<\/em> Verdi im Stadttheater Bremerhaven im September 2026.<\/p>\t\t\t\t\t\t<\/div>\n\t\t\t\t<\/div>\n\t\t\t\t\t<\/div>\n\t\t<\/div>\n\t\t\t\t\t\t\t<\/div>\n\t\t<\/section>\n\t\t\t\t\t\t\t<\/div>","protected":false},"excerpt":{"rendered":"<p>Biografie: Rajiv Cerezo Chugani (Madrid, 1992) ist ein in Deutschland lebender Bariton. Er studierte an der Madrider Gesangsschule und verfeinerte seine Technik bei Lehrern wie Milagros Poblador, Santiago Calder\u00f3n, Christopher Robertson und Vincenzo Spatola. Zudem nahm er an Meisterkursen der renommierten Sopranistin Lisette Oropesa teil. Nach Abschluss seines Studiums [\u2026]<\/p>","protected":false},"author":1,"featured_media":0,"parent":0,"menu_order":0,"comment_status":"closed","ping_status":"closed","template":"elementor_header_footer","meta":{"footnotes":""},"class_list":["post-352","page","type-page","status-publish","hentry"],"_links":{"self":[{"href":"https:\/\/rajivcerezochugani.com\/de\/wp-json\/wp\/v2\/pages\/352","targetHints":{"allow":["GET"]}}],"collection":[{"href":"https:\/\/rajivcerezochugani.com\/de\/wp-json\/wp\/v2\/pages"}],"about":[{"href":"https:\/\/rajivcerezochugani.com\/de\/wp-json\/wp\/v2\/types\/page"}],"author":[{"embeddable":true,"href":"https:\/\/rajivcerezochugani.com\/de\/wp-json\/wp\/v2\/users\/1"}],"replies":[{"embeddable":true,"href":"https:\/\/rajivcerezochugani.com\/de\/wp-json\/wp\/v2\/comments?post=352"}],"version-history":[{"count":102,"href":"https:\/\/rajivcerezochugani.com\/de\/wp-json\/wp\/v2\/pages\/352\/revisions"}],"predecessor-version":[{"id":3453,"href":"https:\/\/rajivcerezochugani.com\/de\/wp-json\/wp\/v2\/pages\/352\/revisions\/3453"}],"wp:attachment":[{"href":"https:\/\/rajivcerezochugani.com\/de\/wp-json\/wp\/v2\/media?parent=352"}],"curies":[{"name":"wp","href":"https:\/\/api.w.org\/{rel}","templated":true}]}}